{"id":27,"date":"2015-10-23T18:46:50","date_gmt":"2015-10-23T16:46:50","guid":{"rendered":"http:\/\/178.32.100.142\/wordpress\/?page_id=27"},"modified":"2016-04-17T18:28:51","modified_gmt":"2016-04-17T16:28:51","slug":"a-propos","status":"publish","type":"page","link":"https:\/\/www.viviersleslavaur.fr\/?page_id=27","title":{"rendered":"A propos&#8230;"},"content":{"rendered":"<p>Le site WEB de la commune de Viviers l\u00e8s Lavaur est plac\u00e9 sous la responsabilit\u00e9 \u00e9ditoriale de M. Jean-Paul Rocach\u00e9, maire de la commune.<\/p>\n<p>&nbsp;<\/p>\n","protected":false},"excerpt":{"rendered":"<p>Le site WEB de la commune de Viviers l\u00e8s Lavaur est plac\u00e9 sous la responsabilit\u00e9 \u00e9ditoriale de M. Jean-Paul Rocach\u00e9, maire de la commune. &nbsp;<\/p>\n<a class=\"more-link\" rel=\"nofollow\" href=\"https:\/\/www.viviersleslavaur.fr\/?page_id=27\">[Lire plus...]<\/a>","protected":false},"author":1,"featured_media":0,"parent":0,"menu_order":0,"comment_status":"closed","ping_status":"closed","template":"","meta":{"footnotes":""},"class_list":["post-27","page","type-page","status-publish","hentry"],"_links":{"self":[{"href":"https:\/\/www.viviersleslavaur.fr\/index.php?rest_route=\/wp\/v2\/pages\/27","targetHints":{"allow":["GET"]}}],"collection":[{"href":"https:\/\/www.viviersleslavaur.fr\/index.php?rest_route=\/wp\/v2\/pages"}],"about":[{"href":"https:\/\/www.viviersleslavaur.fr\/index.php?rest_route=\/wp\/v2\/types\/page"}],"author":[{"embeddable":true,"href":"https:\/\/www.viviersleslavaur.fr\/index.php?rest_route=\/wp\/v2\/users\/1"}],"replies":[{"embeddable":true,"href":"https:\/\/www.viviersleslavaur.fr\/index.php?rest_route=%2Fwp%2Fv2%2Fcomments&post=27"}],"version-history":[{"count":4,"href":"https:\/\/www.viviersleslavaur.fr\/index.php?rest_route=\/wp\/v2\/pages\/27\/revisions"}],"predecessor-version":[{"id":77,"href":"https:\/\/www.viviersleslavaur.fr\/index.php?rest_route=\/wp\/v2\/pages\/27\/revisions\/77"}],"wp:attachment":[{"href":"https:\/\/www.viviersleslavaur.fr\/index.php?rest_route=%2Fwp%2Fv2%2Fmedia&parent=27"}],"curies":[{"name":"wp","href":"https:\/\/api.w.org\/{rel}","templated":true}]}}