{"id":23,"date":"2015-10-23T18:41:25","date_gmt":"2015-10-23T16:41:25","guid":{"rendered":"http:\/\/178.32.100.142\/wordpress\/?page_id=23"},"modified":"2016-04-18T00:02:02","modified_gmt":"2016-04-17T22:02:02","slug":"commune","status":"publish","type":"page","link":"https:\/\/www.viviersleslavaur.fr\/?page_id=23","title":{"rendered":"Commune"},"content":{"rendered":"<h4><span style=\"color: #000000;\"><strong>Syndicats Intercommunaux<\/strong><\/span><\/h4>\n<table style=\"height: 240px;\" border=\"\u00bb1\u2033\" width=\"834\" cellspacing=\"\u00bb0\u2033\" cellpadding=\"\u00bb0\u2033\">\n<tbody>\n<tr>\n<td><strong>Nom du syndicat<\/strong><\/td>\n<td><strong>D\u00e9l\u00e9gu\u00e9s titulaires<\/strong><\/td>\n<td><strong>D\u00e9l\u00e9gu\u00e9s suppl\u00e9ants<\/strong><\/td>\n<\/tr>\n<tr>\n<td><strong>Syndicat des eaux de la montagne noire<\/strong><\/td>\n<td>Laurent DARQUIER, Michel LACLAU<\/td>\n<td><\/td>\n<\/tr>\n<tr>\n<td><strong>SICTOM<\/strong><\/td>\n<td>Bernard BARRIER, Gilles JAUSSELY<\/td>\n<td><\/td>\n<\/tr>\n<tr>\n<td><strong>SIRP<\/strong><\/td>\n<td>Jean-Paul ROCACHE, Fran\u00e7ois LAPERRUQUE<\/td>\n<td><\/td>\n<\/tr>\n<tr>\n<td><strong>SDET<\/strong><\/td>\n<td>Bernard BARRIER, Michel LACLAU<\/td>\n<td><\/td>\n<\/tr>\n<tr>\n<td><strong>CCTA<\/strong><\/td>\n<td>Jean-Paul ROCACHE<\/td>\n<td>\u00a0Gilles JAUSSELY<\/td>\n<\/tr>\n<\/tbody>\n<\/table>\n<h4><span style=\"color: #000000;\"><strong>Commissions communales<\/strong><\/span><\/h4>\n<table style=\"height: 379px;\" border=\"\u00bb1\u2033\" width=\"992\" cellspacing=\"\u00bb0\u2033\" cellpadding=\"\u00bb0\u2033\">\n<tbody>\n<tr>\n<td><strong>Nom de la commission<br \/>\n<\/strong><\/td>\n<td><strong>Membres titulaires<\/strong><\/td>\n<td><strong>Membres suppl\u00e9ants<\/strong><\/td>\n<\/tr>\n<tr>\n<td><strong>Commission d&rsquo;appels d&rsquo;offres<br \/>\n<\/strong>Pr\u00e9sident : Jean-Paul ROCACHE<\/td>\n<td>Nathalie BEAUPERE, Bernard BARRIER, Fran\u00e7ois LAPERRUQUE<\/td>\n<td>Gilles JAUSSELY, Patrick PUGET, Laurent DARQUIER<\/td>\n<\/tr>\n<tr>\n<td><strong>Commission des b\u00e2timents<br \/>\n<\/strong><\/td>\n<td>Nathalie BEAUPERE, Michel LACLAU<\/td>\n<td>J\u00e9r\u00f4me GUCEMAS, Bernard BARRIER<\/td>\n<\/tr>\n<tr>\n<td><strong>Commission de la voirie<br \/>\n<\/strong><\/td>\n<td>Gilles JAUSSELY, Michel LACLAU<\/td>\n<td><\/td>\n<\/tr>\n<tr>\n<td><strong>Commission communication<br \/>\n<\/strong><\/td>\n<td>Nathalie BEAUPERE, Bernard BARRIER<\/td>\n<td>\u00a0Laurence JALADE, Fran\u00e7ois LAPERRUQUE<\/td>\n<\/tr>\n<tr>\n<td><strong>Commission urbanisme<br \/>\n<\/strong><\/td>\n<td>Laurent DARQUIER, Patrick PUGET<\/td>\n<td>Bernard BARRIER, J\u00e9r\u00f4me GUCEMAS<\/td>\n<\/tr>\n<tr>\n<td><strong>Commission des affaires scolaires<br \/>\n<\/strong><\/td>\n<td>Nathalie BEAUPERE, Fran\u00e7ois LAPERRUQUE<\/td>\n<td>Laurence JALADE, Dominique FOGLIA<\/td>\n<\/tr>\n<tr>\n<td><strong>Commission des espaces verts et embellissement<br \/>\n<\/strong><\/td>\n<td>Nathalie BEAUPERE, Gilles JAUSSELY<\/td>\n<td>Michel LACLAU, Dominique FOGLIA<\/td>\n<\/tr>\n<\/tbody>\n<\/table>\n<h4><span style=\"color: #000000;\"><strong>D\u00e9l\u00e9gu\u00e9 d\u00e9fense<\/strong><\/span><\/h4>\n<p>Nathalie BEAUPERE<\/p>\n<h4><span style=\"color: #000000;\"><strong>D\u00e9l\u00e9gu\u00e9 \u00e0 la s\u00e9curit\u00e9 routi\u00e8re<br \/>\n<\/strong><\/span><\/h4>\n<p>Laurence JALADE<\/p>\n","protected":false},"excerpt":{"rendered":"<p>Syndicats Intercommunaux Nom du syndicat D\u00e9l\u00e9gu\u00e9s titulaires D\u00e9l\u00e9gu\u00e9s suppl\u00e9ants Syndicat des eaux de la montagne noire Laurent DARQUIER, Michel LACLAU SICTOM Bernard BARRIER, Gilles JAUSSELY SIRP Jean-Paul ROCACHE, Fran\u00e7ois LAPERRUQUE SDET Bernard BARRIER, Michel LACLAU CCTA Jean-Paul ROCACHE \u00a0Gilles JAUSSELY Commissions communales Nom de la commission Membres titulaires Membres suppl\u00e9ants Commission d&rsquo;appels d&rsquo;offres Pr\u00e9sident : Jean-Paul ROCACHE Nathalie BEAUPERE, Bernard BARRIER, Fran\u00e7ois LAPERRUQUE Gilles JAUSSELY, Patrick PUGET, Laurent DARQUIER Commission des b\u00e2timents Nathalie BEAUPERE, Michel LACLAU J\u00e9r\u00f4me GUCEMAS, Bernard BARRIER Commission de la voirie Gilles JAUSSELY, Michel LACLAU Commission communication Nathalie BEAUPERE, Bernard BARRIER \u00a0Laurence JALADE, Fran\u00e7ois LAPERRUQUE Commission urbanisme<\/p>\n<a class=\"more-link\" rel=\"nofollow\" href=\"https:\/\/www.viviersleslavaur.fr\/?page_id=23\">[Lire plus...]<\/a>","protected":false},"author":1,"featured_media":0,"parent":0,"menu_order":0,"comment_status":"closed","ping_status":"closed","template":"","meta":{"footnotes":""},"class_list":["post-23","page","type-page","status-publish","hentry"],"_links":{"self":[{"href":"https:\/\/www.viviersleslavaur.fr\/index.php?rest_route=\/wp\/v2\/pages\/23","targetHints":{"allow":["GET"]}}],"collection":[{"href":"https:\/\/www.viviersleslavaur.fr\/index.php?rest_route=\/wp\/v2\/pages"}],"about":[{"href":"https:\/\/www.viviersleslavaur.fr\/index.php?rest_route=\/wp\/v2\/types\/page"}],"author":[{"embeddable":true,"href":"https:\/\/www.viviersleslavaur.fr\/index.php?rest_route=\/wp\/v2\/users\/1"}],"replies":[{"embeddable":true,"href":"https:\/\/www.viviersleslavaur.fr\/index.php?rest_route=%2Fwp%2Fv2%2Fcomments&post=23"}],"version-history":[{"count":30,"href":"https:\/\/www.viviersleslavaur.fr\/index.php?rest_route=\/wp\/v2\/pages\/23\/revisions"}],"predecessor-version":[{"id":116,"href":"https:\/\/www.viviersleslavaur.fr\/index.php?rest_route=\/wp\/v2\/pages\/23\/revisions\/116"}],"wp:attachment":[{"href":"https:\/\/www.viviersleslavaur.fr\/index.php?rest_route=%2Fwp%2Fv2%2Fmedia&parent=23"}],"curies":[{"name":"wp","href":"https:\/\/api.w.org\/{rel}","templated":true}]}}